{"id":1066,"date":"2022-06-01T03:17:35","date_gmt":"2022-06-01T03:17:35","guid":{"rendered":"http:\/\/becomecostarica.com\/sobre-nosotros\/"},"modified":"2023-10-09T18:00:59","modified_gmt":"2023-10-09T18:00:59","slug":"sobre-nosotros","status":"publish","type":"page","link":"https:\/\/becomecostarica.com\/es\/sobre-nosotros\/","title":{"rendered":"Sobre Nosotros"},"content":{"rendered":"<section data-key='section-1' class='core-section core-section-hero-media-full hero-media-full js-core-section-hero-media-full'><div class=\"preview-manager-wrapper pmw  js-pmw-section\">\n\t<span class=\"pmw__section-slug\">hero-media-full<\/span>\n\n\t<input\n\t\tid=\"preview-manager-section-section-1\"\n\t\ttype=\"checkbox\"\n\t\tname=\"preview-manager-sections\"\n\t\tvalue=\"hero-media-full\"\n\t\tclass=\"pmw__input js-pmw-section-check\"\n\t\/>\n\n\t<label\n\t\tfor=\"preview-manager-section-section-1\"\n\t\tclass=\"pmw__toggler\">\n\t\t<div class=\"pmw__toggler-check\"><\/div>\n\t<\/label>\n<\/div>\n<div class=\"media\">\n\n\t\t\t<figure class='core-component core-component-image image ratio-none full-image js-core-component-image'><picture>\n\t\n\t<source\n\t\tsrcset=\"https:\/\/becomecostarica.com\/wp-content\/uploads\/2022\/06\/surf-nosara-1-2048x856.webp 2048w\"\n\t\ttype=\"image\/webp\"\n\t\/>\n\n\t<source\n\t\tsrcset=\"https:\/\/becomecostarica.com\/wp-content\/uploads\/2022\/06\/surf-nosara-1-2048x856.jpg 2048w\"\n\t\t\t\t\ttype=\"image\"\n\t\t\t\/>\n\n\t<img\n\t\tdata-src=\"https:\/\/becomecostarica.com\/wp-content\/uploads\/2022\/06\/surf-nosara-1-2048x856.jpg\"\n\t\talt=\"\"\n\t\t\t\t\twidth=\"2048\"\n\t\t\t\t\t\t\theight=\"856\"\n\t\t\t\tloading=\"lazy\"\n\t\tclass=\"img js-lazyload\"\n\t\/>\n<\/picture><\/figure>\n\t\t<\/div>\n<div class=\"content\">\n\t<div class=\"wrapper\">\n\t\t\t\t\t\t\t<div class='core-component core-component-rich-text rich-text style-light js-core-component-rich-text'><h2 class=\"heading-2\" style=\"text-align: center;\"><strong>Sobre Nosotros<\/strong><\/h2><\/div>\n\t\t\t<\/div>\n<\/div><\/section>\n\n<section data-key='section-2' class='core-section core-section-text-intro-graphic text-intro-graphic spacing-top-normal spacing-bottom-normal js-core-section-text-intro-graphic'><div class=\"preview-manager-wrapper pmw  js-pmw-section\">\n\t<span class=\"pmw__section-slug\">text-intro-graphic<\/span>\n\n\t<input\n\t\tid=\"preview-manager-section-section-2\"\n\t\ttype=\"checkbox\"\n\t\tname=\"preview-manager-sections\"\n\t\tvalue=\"text-intro-graphic\"\n\t\tclass=\"pmw__input js-pmw-section-check\"\n\t\/>\n\n\t<label\n\t\tfor=\"preview-manager-section-section-2\"\n\t\tclass=\"pmw__toggler\">\n\t\t<div class=\"pmw__toggler-check\"><\/div>\n\t<\/label>\n<\/div>\n\n\t<div class=\"wrapper\">\n\t\t<div class=\"head\">\n\t\t\t<h2 class=\"title\">\n\t\t\t\t<span class=\"number\">01<\/span>\n\t\t\t\tNuestro Manifesto\n\t\t\t<\/h2>\n\t\t\t\t\t\t\t<figure class='core-component core-component-image image ratio-none js-core-component-image'><picture>\n\t\n\t<source\n\t\tsrcset=\"https:\/\/becomecostarica.com\/wp-content\/uploads\/2022\/06\/brand-manifesto.svg 1280w\"\n\t\ttype=\"image\/webp\"\n\t\/>\n\n\t<source\n\t\tsrcset=\"https:\/\/becomecostarica.com\/wp-content\/uploads\/2022\/06\/brand-manifesto.svg 1280w\"\n\t\t\t\t\ttype=\"image\"\n\t\t\t\/>\n\n\t<img\n\t\tdata-src=\"https:\/\/becomecostarica.com\/wp-content\/uploads\/2022\/06\/brand-manifesto.svg\"\n\t\talt=\"\"\n\t\t\t\t\twidth=\"1280\"\n\t\t\t\t\t\t\theight=\"1280\"\n\t\t\t\tloading=\"lazy\"\n\t\tclass=\"img js-lazyload\"\n\t\/>\n<\/picture><\/figure>\n\t\t\t\t\t<\/div>\n\t\t<div class=\"content\">\n\t\t\t<div class='core-component core-component-rich-text rich-text style-dark js-core-component-rich-text'><p class=\"text-caption\">\u00c9ramos personas en modo avi\u00f3n, segu\u00edamos el ritmo de las cosas sin sentirlo. Nuestros cub\u00edculos eran nuestro d\u00eda a d\u00eda. 14 horas frente a una pantalla. Sin hablar, ni mirarnos, ni escucharnos. Nuestros sentidos se apagaron. Nuestro estilo de vida nos consum\u00eda.\u00a0.<\/p>\n<p class=\"text-caption\">Lleg\u00f3 el 2020. Lleg\u00f3 la pandemia.<\/p>\n<p class=\"text-caption\">Nos tuvieron que encerrar, prohibir abrazarnos, salir a caminar. Nos tuvieron que quitar la libertad, para darnos cuenta de lo esencial de nuestra vida. Descubrimos nuevos hobbies, retomamos cosas que hab\u00edamos dejado atr\u00e1s, nos pusimos a bailar y a buscar la forma de vida que quisimos. Nos quitaron la libertad y nos volvimos m\u00e1s sensibles, m\u00e1s conectados y m\u00e1s humanos.<\/p>\n<p class=\"text-caption\">Apagamos el modo avi\u00f3n. Despertamos. Nos dimos cuenta que nosotros guiamos nuestra vida, y no nuestro trabajo. Estamos conectados. Podemos vivir la vida que siempre buscamos en el lugar que queramos. Ahora buscamos el equilibro. Podemos trabajar, viviendo la vida que siempre quisimos. Viviendo en el lugar que elijamos. Playa, sol, monta\u00f1a, ciudad, pueblo. Estamos conectados.<\/p><\/div>\n\t\t\t\t\t<\/div>\n\t<\/div><\/section>\n\n<section data-key='section-3' class='core-section core-section-quote quote js-core-section-quote'><div class=\"preview-manager-wrapper pmw  js-pmw-section\">\n\t<span class=\"pmw__section-slug\">quote<\/span>\n\n\t<input\n\t\tid=\"preview-manager-section-section-3\"\n\t\ttype=\"checkbox\"\n\t\tname=\"preview-manager-sections\"\n\t\tvalue=\"quote\"\n\t\tclass=\"pmw__input js-pmw-section-check\"\n\t\/>\n\n\t<label\n\t\tfor=\"preview-manager-section-section-3\"\n\t\tclass=\"pmw__toggler\">\n\t\t<div class=\"pmw__toggler-check\"><\/div>\n\t<\/label>\n<\/div>\n<div class=\"container\">\n\t\n\t\n\t\t\t<figure class='core-component core-component-image image ratio-none media js-core-component-image'><picture>\n\t\n\t<source\n\t\tsrcset=\"https:\/\/becomecostarica.com\/wp-content\/uploads\/2022\/06\/sunset-beach-nosara-1280x345.webp 1280w\"\n\t\ttype=\"image\/webp\"\n\t\/>\n\n\t<source\n\t\tsrcset=\"https:\/\/becomecostarica.com\/wp-content\/uploads\/2022\/06\/sunset-beach-nosara-1280x345.jpg 1280w\"\n\t\t\t\t\ttype=\"image\"\n\t\t\t\/>\n\n\t<img\n\t\tdata-src=\"https:\/\/becomecostarica.com\/wp-content\/uploads\/2022\/06\/sunset-beach-nosara-1280x345.jpg\"\n\t\talt=\"\"\n\t\t\t\t\twidth=\"1280\"\n\t\t\t\t\t\t\theight=\"345\"\n\t\t\t\tloading=\"lazy\"\n\t\tclass=\"img js-lazyload\"\n\t\/>\n<\/picture><\/figure>\n\t\n\t<div class=\"wrapper\">\n\t<div class=\"decoration\"><svg xmlns=\"http:\/\/www.w3.org\/2000\/svg\" fill=\"#FFF\" viewBox=\"0 0 316.9 224\" style=\"enable-background:new 0 0 316.9 224\" xml:space=\"preserve\"><path d=\"M271.4 0c1.5 0 3 .6 4 1.7 1.6 1.7 2 4.1 1.1 6.2-.1.2-8 17.8-15.2 36.8-4.2 11.1-7.2 20.4-9.1 27.7-2.1 8.3-2.3 12.3-2.2 14 17.7.5 34.2 7.6 46.8 20.1 13 13 20.1 30.3 20.1 48.6s-7.2 35.6-20.1 48.6c-13 13-30.3 20.1-48.6 20.1-18 0-34.2-7.1-46.7-20.4-11.2-12-19-28.8-22-47.4-4.1-25.4-2-49.5 6.4-71.5 6.7-17.6 17.4-33.9 31.8-48.3C242 11.7 268.2.9 269.3.4c.7-.3 1.4-.4 2.1-.4zm-23.3 212.8c31.7 0 57.6-25.8 57.6-57.6s-25.8-57.6-57.6-57.6c-3.1 0-5.8-1.5-7.4-4-3-4.7-4.2-14.5 9.7-51.7 3.3-8.8 6.8-17.4 9.6-24.2-9.4 5.5-22.4 14.3-34.7 26.7-30 30.5-41.8 67.4-34.9 109.9 4.5 27 22.2 58.5 57.7 58.5zM94 0c1.5 0 3 .6 4 1.7 1.6 1.7 2 4.1 1.1 6.2-.1.2-8 17.8-15.2 36.8-4.2 11.1-7.2 20.4-9.1 27.7-2.1 8.3-2.3 12.3-2.2 14 17.7.5 34.2 7.6 46.8 20.1 13 13 20.1 30.3 20.1 48.6s-7.2 35.6-20.1 48.6c-13 13-30.3 20.1-48.6 20.1-18 0-34.2-7.1-46.7-20.4-11.2-12-19-28.8-22-47.4-4.1-25.4-2-49.5 6.4-71.5C15.2 67 25.9 50.8 40.3 36.3 64.6 11.7 90.8.9 91.9.4 92.6.1 93.3 0 94 0zM70.7 212.8c31.7 0 57.6-25.8 57.6-57.6s-25.8-57.6-57.6-57.6c-3.1 0-5.8-1.5-7.4-4-3-4.7-4.2-14.5 9.7-51.7 3.3-8.8 6.8-17.4 9.6-24.2C73.3 23.2 60.2 32 48 44.4 18 74.9 6.2 111.8 13.1 154.3c4.4 27 22.1 58.5 57.6 58.5z\"\/><\/svg><\/div>\n\t\t<div class=\"content\">\n\t\t\t<div class='core-component core-component-rich-text rich-text style-light js-core-component-rich-text'><h2 class=\"heading-2\" style=\"text-align: center;\"><strong>Somos facilitadores, creemos en el nuevo estilo de vida, donde t\u00fa eliges c\u00f3mo vivir y d\u00f3nde trabajar.\u201d<\/strong><\/h2><\/div>\n\t\t<\/div>\n\t<\/div>\n<\/div><\/section>\n\n<section data-key='section-4' class='core-section core-section-text-detail text-detail spacing-top-normal spacing-bottom-normal js-core-section-text-detail'><div class=\"preview-manager-wrapper pmw  js-pmw-section\">\n\t<span class=\"pmw__section-slug\">text-detail<\/span>\n\n\t<input\n\t\tid=\"preview-manager-section-section-4\"\n\t\ttype=\"checkbox\"\n\t\tname=\"preview-manager-sections\"\n\t\tvalue=\"text-detail\"\n\t\tclass=\"pmw__input js-pmw-section-check\"\n\t\/>\n\n\t<label\n\t\tfor=\"preview-manager-section-section-4\"\n\t\tclass=\"pmw__toggler\">\n\t\t<div class=\"pmw__toggler-check\"><\/div>\n\t<\/label>\n<\/div>\n<div class=\"background background--dark\" aria-hidden=\"true\"><\/div>\n\n\n<div class=\"wrapper dark image-\">\n\t<div class=\"media\">\n\t\t\t\t\t<div class=\"head\">\n\t\t\t\t<h2 class=\"title light\">\n\t\t\t\t\t\t\t\t\t\t Contamos con el respaldo de una de las empresas constructoras m\u00e1s grandes del pa\u00eds.\n\t\t\t\t<\/h2>\n\t\t\t<\/div>\n\t\t\t\t\t\t\t\t\t\t\t<a href=\"https:\/\/edica.co.cr\/%20\" target=\"_blank\">\n\t\t\t\t\t<figure class='core-component core-component-image image ratio-none js-core-component-image'><picture>\n\t\n\t<source\n\t\tsrcset=\"https:\/\/becomecostarica.com\/wp-content\/uploads\/2022\/06\/logo-edica.svg 1280w\"\n\t\ttype=\"image\/webp\"\n\t\/>\n\n\t<source\n\t\tsrcset=\"https:\/\/becomecostarica.com\/wp-content\/uploads\/2022\/06\/logo-edica.svg 1280w\"\n\t\t\t\t\ttype=\"image\"\n\t\t\t\/>\n\n\t<img\n\t\tdata-src=\"https:\/\/becomecostarica.com\/wp-content\/uploads\/2022\/06\/logo-edica.svg\"\n\t\talt=\"\"\n\t\t\t\t\twidth=\"1280\"\n\t\t\t\t\t\t\theight=\"1280\"\n\t\t\t\tloading=\"lazy\"\n\t\tclass=\"img js-lazyload\"\n\t\/>\n<\/picture><\/figure>\n\t\t\t\t<\/a>\n\t\t\t\t\t\t<\/div>\n\n\t<div class=\"content\">\n\n\t\t<div class='core-component core-component-rich-text rich-text style-light js-core-component-rich-text'><p>La visi\u00f3n de las empresas; \u00abSer la empresa l\u00edder en la industria de la construcci\u00f3n en Costa Rica, a trav\u00e9s de: Mantener la innovaci\u00f3n y excelencia en proyectos como contratista general de construcci\u00f3n. Ser un aliado de nuestros clientes brindando propuestas y soluciones responsables, eficientes y seguras, protegiendo el medio ambiente, para lograr trabajos de alta calidad, en estricto apego a nuestros compromisos y principios de \u00e9tica e integridad.\u00bb<\/p><\/div>\n\n\t\t\t\t\t<div class=\"buttons\">\n\t\t\t\t<a href='https:\/\/edica.co.cr\/' title='Visit web page' target='_blank' rel='noopener noreferrer' class='core-component core-component-link link style-icon style-primary style-icon style-icon style-style-primary js-core-component-link'>Visit web page\n\n\t<span class=\"icon\">\n\t\t<svg width=\"24\" height=\"24\" viewBox=\"0 0 24 24\" fill=\"black\" xmlns=\"http:\/\/www.w3.org\/2000\/svg\">\n<path d=\"M12.95 12.364L8 7.414L9.414 6L15.778 12.364L9.414 18.728L8 17.314L12.95 12.364Z\"\/>\n<\/svg>\n\n\t<\/span><\/a>\n\t\t\t<\/div>\n\t\t\t<\/div>\n<\/div><\/section>\n\n<section data-key='section-5' class='core-section core-section-list-logos list-logos bg-light text-dark spacing-top-normal spacing-bottom-normal js-core-section-list-logos'><div class=\"preview-manager-wrapper pmw  js-pmw-section\">\n\t<span class=\"pmw__section-slug\">list-logos<\/span>\n\n\t<input\n\t\tid=\"preview-manager-section-section-5\"\n\t\ttype=\"checkbox\"\n\t\tname=\"preview-manager-sections\"\n\t\tvalue=\"list-logos\"\n\t\tclass=\"pmw__input js-pmw-section-check\"\n\t\/>\n\n\t<label\n\t\tfor=\"preview-manager-section-section-5\"\n\t\tclass=\"pmw__toggler\">\n\t\t<div class=\"pmw__toggler-check\"><\/div>\n\t<\/label>\n<\/div>\n<div class=\"wrapper\">\n\t<div class=\"content\">\n\t\t\t\t\t<div class=\"head spacing-number  description\">\n\t\t\t\t<h2 class=\"title dark\">\n\t\t\t\t\t\t\t\t\t\t\t<span class=\"number\">04<\/span>\n\t\t\t\t\t\t\t\t\t\t Marcas con las que hemos trabajado\n\t\t\t\t<\/h2>\n\t\t\t\t\t\t\t\t\t\t\t\t\t\t\t<div class='core-component core-component-rich-text rich-text style-dark js-core-component-rich-text'><p>Become fue creado en Costa Rica, con la ayuda de un grupo de empresas que nos dieron la oportunidad de trabajar con personas talentosas, incluyendo arquitectos, ingenieros civiles y estructurales, dise\u00f1adores de interiores, dise\u00f1adores de piscinas y muchos m\u00e1s, que colaboraron en el dise\u00f1o y proceso de producci\u00f3n para dar vida a nuestras ideas.<\/p><\/div>\n\t\t\t\t\t\t\t\t\t\t\t\t<\/div>\n\t\t\t\t<div class=\"js-swiper\">\n\t\t\t<div class=\"swiper-wrapper\">\n\t\t\t\t\t\t\t\t\t\t\t\t\t\t\t<div class=\"swiper-slide\">\t\t\t\t\n\t\t\t\t\t\t\t\t\t\t\t\t\t\t\t\t\t<figure class='core-component core-component-image image ratio-none js-core-component-image'><picture>\n\t\n\t<source\n\t\tsrcset=\"https:\/\/becomecostarica.com\/wp-content\/uploads\/2022\/06\/JoanRoca-Logo.webp 454w\"\n\t\ttype=\"image\/webp\"\n\t\/>\n\n\t<source\n\t\tsrcset=\"https:\/\/becomecostarica.com\/wp-content\/uploads\/2022\/06\/JoanRoca-Logo.png 454w\"\n\t\t\t\t\ttype=\"image\"\n\t\t\t\/>\n\n\t<img\n\t\tdata-src=\"https:\/\/becomecostarica.com\/wp-content\/uploads\/2022\/06\/JoanRoca-Logo.png\"\n\t\talt=\"\"\n\t\t\t\t\twidth=\"454\"\n\t\t\t\t\t\t\theight=\"213\"\n\t\t\t\tloading=\"lazy\"\n\t\tclass=\"img js-lazyload\"\n\t\/>\n<\/picture><\/figure>\n\t\t\t\t\t\t\t\t\t\t\t\t\t\t<\/div>\n\t\t\t\t\t\t\t\t\t\t\t<div class=\"swiper-slide\">\t\t\t\t\n\t\t\t\t\t\t\t\t\t\t\t\t\t\t\t\t\t<figure class='core-component core-component-image image ratio-none js-core-component-image'><picture>\n\t\n\t<source\n\t\tsrcset=\"https:\/\/becomecostarica.com\/wp-content\/uploads\/2022\/06\/Ieca.svg 1280w\"\n\t\ttype=\"image\/webp\"\n\t\/>\n\n\t<source\n\t\tsrcset=\"https:\/\/becomecostarica.com\/wp-content\/uploads\/2022\/06\/Ieca.svg 1280w\"\n\t\t\t\t\ttype=\"image\"\n\t\t\t\/>\n\n\t<img\n\t\tdata-src=\"https:\/\/becomecostarica.com\/wp-content\/uploads\/2022\/06\/Ieca.svg\"\n\t\talt=\"\"\n\t\t\t\t\twidth=\"1280\"\n\t\t\t\t\t\t\theight=\"1280\"\n\t\t\t\tloading=\"lazy\"\n\t\tclass=\"img js-lazyload\"\n\t\/>\n<\/picture><\/figure>\n\t\t\t\t\t\t\t\t\t\t\t\t\t\t<\/div>\n\t\t\t\t\t\t\t\t\t\t\t<div class=\"swiper-slide\">\t\t\t\t\n\t\t\t\t\t\t\t\t\t\t\t\t\t\t\t\t\t<figure class='core-component core-component-image image ratio-none js-core-component-image'><picture>\n\t\n\t<source\n\t\tsrcset=\"https:\/\/becomecostarica.com\/wp-content\/uploads\/2022\/06\/JCI-logo.webp 470w\"\n\t\ttype=\"image\/webp\"\n\t\/>\n\n\t<source\n\t\tsrcset=\"https:\/\/becomecostarica.com\/wp-content\/uploads\/2022\/06\/JCI-logo.png 470w\"\n\t\t\t\t\ttype=\"image\"\n\t\t\t\/>\n\n\t<img\n\t\tdata-src=\"https:\/\/becomecostarica.com\/wp-content\/uploads\/2022\/06\/JCI-logo.png\"\n\t\talt=\"\"\n\t\t\t\t\twidth=\"470\"\n\t\t\t\t\t\t\theight=\"206\"\n\t\t\t\tloading=\"lazy\"\n\t\tclass=\"img js-lazyload\"\n\t\/>\n<\/picture><\/figure>\n\t\t\t\t\t\t\t\t\t\t\t\t\t\t<\/div>\n\t\t\t\t\t\t\t\t\t\t\t<div class=\"swiper-slide\">\t\t\t\t\n\t\t\t\t\t\t\t\t\t\t\t\t\t\t\t\t\t<figure class='core-component core-component-image image ratio-none js-core-component-image'><picture>\n\t\n\t<source\n\t\tsrcset=\"https:\/\/becomecostarica.com\/wp-content\/uploads\/2022\/06\/DEHE-Logo.svg 1280w\"\n\t\ttype=\"image\/webp\"\n\t\/>\n\n\t<source\n\t\tsrcset=\"https:\/\/becomecostarica.com\/wp-content\/uploads\/2022\/06\/DEHE-Logo.svg 1280w\"\n\t\t\t\t\ttype=\"image\"\n\t\t\t\/>\n\n\t<img\n\t\tdata-src=\"https:\/\/becomecostarica.com\/wp-content\/uploads\/2022\/06\/DEHE-Logo.svg\"\n\t\talt=\"\"\n\t\t\t\t\twidth=\"1280\"\n\t\t\t\t\t\t\theight=\"1280\"\n\t\t\t\tloading=\"lazy\"\n\t\tclass=\"img js-lazyload\"\n\t\/>\n<\/picture><\/figure>\n\t\t\t\t\t\t\t\t\t\t\t\t\t\t<\/div>\n\t\t\t\t\t\t\t\t\t\t\t<div class=\"swiper-slide\">\t\t\t\t\n\t\t\t\t\t\t\t\t\t\t\t\t\t\t\t\t\t<figure class='core-component core-component-image image ratio-none js-core-component-image'><picture>\n\t\n\t<source\n\t\tsrcset=\"https:\/\/becomecostarica.com\/wp-content\/uploads\/2022\/06\/Sens-Logo.svg 1280w\"\n\t\ttype=\"image\/webp\"\n\t\/>\n\n\t<source\n\t\tsrcset=\"https:\/\/becomecostarica.com\/wp-content\/uploads\/2022\/06\/Sens-Logo.svg 1280w\"\n\t\t\t\t\ttype=\"image\"\n\t\t\t\/>\n\n\t<img\n\t\tdata-src=\"https:\/\/becomecostarica.com\/wp-content\/uploads\/2022\/06\/Sens-Logo.svg\"\n\t\talt=\"\"\n\t\t\t\t\twidth=\"1280\"\n\t\t\t\t\t\t\theight=\"1280\"\n\t\t\t\tloading=\"lazy\"\n\t\tclass=\"img js-lazyload\"\n\t\/>\n<\/picture><\/figure>\n\t\t\t\t\t\t\t\t\t\t\t\t\t\t<\/div>\n\t\t\t\t\t\t\t\t\t\t\t<div class=\"swiper-slide\">\t\t\t\t\n\t\t\t\t\t\t\t\t\t\t\t\t\t\t\t\t\t<figure class='core-component core-component-image image ratio-none js-core-component-image'><picture>\n\t\n\t<source\n\t\tsrcset=\"https:\/\/becomecostarica.com\/wp-content\/uploads\/2022\/06\/SofiaI_logo.webp 406w\"\n\t\ttype=\"image\/webp\"\n\t\/>\n\n\t<source\n\t\tsrcset=\"https:\/\/becomecostarica.com\/wp-content\/uploads\/2022\/06\/SofiaI_logo.png 406w\"\n\t\t\t\t\ttype=\"image\"\n\t\t\t\/>\n\n\t<img\n\t\tdata-src=\"https:\/\/becomecostarica.com\/wp-content\/uploads\/2022\/06\/SofiaI_logo.png\"\n\t\talt=\"\"\n\t\t\t\t\twidth=\"406\"\n\t\t\t\t\t\t\theight=\"130\"\n\t\t\t\tloading=\"lazy\"\n\t\tclass=\"img js-lazyload\"\n\t\/>\n<\/picture><\/figure>\n\t\t\t\t\t\t\t\t\t\t\t\t\t\t<\/div>\n\t\t\t\t\t\t\t\t\t\t\t\t<\/div>\n\t\t\t<div class='core-component core-component-swiper-bullets swiper-bullets js-swiper-bullets js-core-component-swiper-bullets'><\/div>\n\t\t<\/div>\n\t<\/div>\n<\/div><\/section>\n\n<section data-key='section-6' class='core-section core-section-banner-full-bg banner-full-bg js-core-section-banner-full-bg'><div class=\"preview-manager-wrapper pmw  js-pmw-section\">\n\t<span class=\"pmw__section-slug\">banner-full-bg<\/span>\n\n\t<input\n\t\tid=\"preview-manager-section-section-6\"\n\t\ttype=\"checkbox\"\n\t\tname=\"preview-manager-sections\"\n\t\tvalue=\"banner-full-bg\"\n\t\tclass=\"pmw__input js-pmw-section-check\"\n\t\/>\n\n\t<label\n\t\tfor=\"preview-manager-section-section-6\"\n\t\tclass=\"pmw__toggler\">\n\t\t<div class=\"pmw__toggler-check\"><\/div>\n\t<\/label>\n<\/div>\n<div class=\"container background-normal content-top\">\n\t\t\t<div\n\t\t\tclass=\"overlay\"\n\t\t\taria-hidden=\"true\"\n\t\t\tstyle=\"opacity: 0.4;\">\n\t\t<\/div>\n\t\n\t\t\t<figure class='core-component core-component-image image ratio-none media js-core-component-image'><picture>\n\t\n\t<source\n\t\tsrcset=\"https:\/\/becomecostarica.com\/wp-content\/uploads\/2022\/06\/palm-trees-nosara-1280x344.webp 1280w\"\n\t\ttype=\"image\/webp\"\n\t\/>\n\n\t<source\n\t\tsrcset=\"https:\/\/becomecostarica.com\/wp-content\/uploads\/2022\/06\/palm-trees-nosara-1280x344.jpg 1280w\"\n\t\t\t\t\ttype=\"image\"\n\t\t\t\/>\n\n\t<img\n\t\tdata-src=\"https:\/\/becomecostarica.com\/wp-content\/uploads\/2022\/06\/palm-trees-nosara-1280x344.jpg\"\n\t\talt=\"\"\n\t\t\t\t\twidth=\"1280\"\n\t\t\t\t\t\t\theight=\"344\"\n\t\t\t\tloading=\"lazy\"\n\t\tclass=\"img js-lazyload\"\n\t\/>\n<\/picture><\/figure>\n\t\n\t<div class=\"wrapper\">\n\t\t<div class=\"content\">\n\t\t\t<div class='core-component core-component-rich-text rich-text style-light js-core-component-rich-text'><h2 class=\"heading-2\" style=\"text-align: center;\"><strong>Somos personas que buscan <\/strong><br \/>\n<strong>una nueva forma de vivir<\/strong><\/h2>\n<p style=\"text-align: center;\"><a href='http:\/\/becomecostarica.com\/es\/hablemos\/' title='Hablemos' class='core-component core-component-button button style-outline style-outline js-core-component-button'><span class=\"button-wrapper\">\n\t\t\t\t\t<span class=\"button-text\">Hablemos<\/span>\n\t\t\t\t\t<\/span><\/a><\/p><\/div>\n\t\t<\/div>\n\t<\/div>\n<\/div><\/section>","protected":false},"excerpt":{"rendered":"","protected":false},"author":3,"featured_media":0,"parent":0,"menu_order":0,"comment_status":"closed","ping_status":"closed","template":"","meta":{"inline_featured_image":false,"footnotes":""},"class_list":["post-1066","page","type-page","status-publish","hentry"],"acf":[],"yoast_head":"<!-- This site is optimized with the Yoast SEO plugin v21.3 - https:\/\/yoast.com\/wordpress\/plugins\/seo\/ -->\n<title>Sobre Nosotros - Become Nosara<\/title>\n<meta name=\"robots\" content=\"index, follow, max-snippet:-1, max-image-preview:large, max-video-preview:-1\" \/>\n<link rel=\"canonical\" href=\"https:\/\/becomecostarica.com\/es\/sobre-nosotros\/\" \/>\n<meta property=\"og:locale\" content=\"es_ES\" \/>\n<meta property=\"og:type\" content=\"article\" \/>\n<meta property=\"og:title\" content=\"Sobre Nosotros - Become Nosara\" \/>\n<meta property=\"og:url\" content=\"https:\/\/becomecostarica.com\/es\/sobre-nosotros\/\" \/>\n<meta property=\"og:site_name\" content=\"Become Nosara\" \/>\n<meta property=\"article:modified_time\" content=\"2023-10-09T18:00:59+00:00\" \/>\n<meta name=\"twitter:card\" content=\"summary_large_image\" \/>\n<script type=\"application\/ld+json\" class=\"yoast-schema-graph\">{\"@context\":\"https:\/\/schema.org\",\"@graph\":[{\"@type\":\"WebPage\",\"@id\":\"https:\/\/becomecostarica.com\/es\/sobre-nosotros\/\",\"url\":\"https:\/\/becomecostarica.com\/es\/sobre-nosotros\/\",\"name\":\"Sobre Nosotros - Become Nosara\",\"isPartOf\":{\"@id\":\"https:\/\/becomecostarica.com\/#website\"},\"datePublished\":\"2022-06-01T03:17:35+00:00\",\"dateModified\":\"2023-10-09T18:00:59+00:00\",\"breadcrumb\":{\"@id\":\"https:\/\/becomecostarica.com\/es\/sobre-nosotros\/#breadcrumb\"},\"inLanguage\":\"es\",\"potentialAction\":[{\"@type\":\"ReadAction\",\"target\":[\"https:\/\/becomecostarica.com\/es\/sobre-nosotros\/\"]}]},{\"@type\":\"BreadcrumbList\",\"@id\":\"https:\/\/becomecostarica.com\/es\/sobre-nosotros\/#breadcrumb\",\"itemListElement\":[{\"@type\":\"ListItem\",\"position\":1,\"name\":\"Home\",\"item\":\"https:\/\/becomecostarica.com\/es\/\"},{\"@type\":\"ListItem\",\"position\":2,\"name\":\"Sobre Nosotros\"}]},{\"@type\":\"WebSite\",\"@id\":\"https:\/\/becomecostarica.com\/#website\",\"url\":\"https:\/\/becomecostarica.com\/\",\"name\":\"Become Nosara\",\"description\":\"Become Nosara\",\"potentialAction\":[{\"@type\":\"SearchAction\",\"target\":{\"@type\":\"EntryPoint\",\"urlTemplate\":\"https:\/\/becomecostarica.com\/?s={search_term_string}\"},\"query-input\":\"required name=search_term_string\"}],\"inLanguage\":\"es\"}]}<\/script>\n<!-- \/ Yoast SEO plugin. -->","yoast_head_json":{"title":"Sobre Nosotros - Become Nosara","robots":{"index":"index","follow":"follow","max-snippet":"max-snippet:-1","max-image-preview":"max-image-preview:large","max-video-preview":"max-video-preview:-1"},"canonical":"https:\/\/becomecostarica.com\/es\/sobre-nosotros\/","og_locale":"es_ES","og_type":"article","og_title":"Sobre Nosotros - Become Nosara","og_url":"https:\/\/becomecostarica.com\/es\/sobre-nosotros\/","og_site_name":"Become Nosara","article_modified_time":"2023-10-09T18:00:59+00:00","twitter_card":"summary_large_image","schema":{"@context":"https:\/\/schema.org","@graph":[{"@type":"WebPage","@id":"https:\/\/becomecostarica.com\/es\/sobre-nosotros\/","url":"https:\/\/becomecostarica.com\/es\/sobre-nosotros\/","name":"Sobre Nosotros - Become Nosara","isPartOf":{"@id":"https:\/\/becomecostarica.com\/#website"},"datePublished":"2022-06-01T03:17:35+00:00","dateModified":"2023-10-09T18:00:59+00:00","breadcrumb":{"@id":"https:\/\/becomecostarica.com\/es\/sobre-nosotros\/#breadcrumb"},"inLanguage":"es","potentialAction":[{"@type":"ReadAction","target":["https:\/\/becomecostarica.com\/es\/sobre-nosotros\/"]}]},{"@type":"BreadcrumbList","@id":"https:\/\/becomecostarica.com\/es\/sobre-nosotros\/#breadcrumb","itemListElement":[{"@type":"ListItem","position":1,"name":"Home","item":"https:\/\/becomecostarica.com\/es\/"},{"@type":"ListItem","position":2,"name":"Sobre Nosotros"}]},{"@type":"WebSite","@id":"https:\/\/becomecostarica.com\/#website","url":"https:\/\/becomecostarica.com\/","name":"Become Nosara","description":"Become Nosara","potentialAction":[{"@type":"SearchAction","target":{"@type":"EntryPoint","urlTemplate":"https:\/\/becomecostarica.com\/?s={search_term_string}"},"query-input":"required name=search_term_string"}],"inLanguage":"es"}]}},"_links":{"self":[{"href":"https:\/\/becomecostarica.com\/es\/wp-json\/wp\/v2\/pages\/1066","targetHints":{"allow":["GET"]}}],"collection":[{"href":"https:\/\/becomecostarica.com\/es\/wp-json\/wp\/v2\/pages"}],"about":[{"href":"https:\/\/becomecostarica.com\/es\/wp-json\/wp\/v2\/types\/page"}],"author":[{"embeddable":true,"href":"https:\/\/becomecostarica.com\/es\/wp-json\/wp\/v2\/users\/3"}],"replies":[{"embeddable":true,"href":"https:\/\/becomecostarica.com\/es\/wp-json\/wp\/v2\/comments?post=1066"}],"version-history":[{"count":23,"href":"https:\/\/becomecostarica.com\/es\/wp-json\/wp\/v2\/pages\/1066\/revisions"}],"predecessor-version":[{"id":3140,"href":"https:\/\/becomecostarica.com\/es\/wp-json\/wp\/v2\/pages\/1066\/revisions\/3140"}],"wp:attachment":[{"href":"https:\/\/becomecostarica.com\/es\/wp-json\/wp\/v2\/media?parent=1066"}],"curies":[{"name":"wp","href":"https:\/\/api.w.org\/{rel}","templated":true}]}}